{"id":539,"date":"2023-09-01T18:43:40","date_gmt":"2023-09-01T18:43:40","guid":{"rendered":"https:\/\/zupnija-sm-se.si\/smartno\/?page_id=539"},"modified":"2023-11-02T15:03:59","modified_gmt":"2023-11-02T13:03:59","slug":"sv-miklavz","status":"publish","type":"page","link":"https:\/\/zupnija-sm-se.si\/smartno\/sv-miklavz\/","title":{"rendered":"Sv. Miklav\u017e &#8211; Gora"},"content":{"rendered":"\t<section class=\"section\" id=\"section_1482680311\">\n\t\t<div class=\"bg section-bg fill bg-fill  \" >\n\n\t\t\t\n\t\t\t<div class=\"section-bg-overlay absolute fill\"><\/div>\n\t\t\t\n\n\t\t<\/div>\n\n\t\t\n\n\t\t<div class=\"section-content relative\">\n\t\t\t\n\t<div id=\"gap-10548682\" class=\"gap-element clearfix\" style=\"display:block; height:auto;\">\n\t\t\n<style>\n#gap-10548682 {\n  padding-top: 30px;\n}\n<\/style>\n\t<\/div>\n\t\n\t\t<\/div>\n\n\t\t\n<style>\n#section_1482680311 {\n  padding-top: 30px;\n  padding-bottom: 30px;\n  min-height: 500px;\n}\n#section_1482680311 .section-bg-overlay {\n  background-color: rgba(0, 0, 0, 0.5);\n}\n#section_1482680311 .section-bg.bg-loaded {\n  background-image: url(https:\/\/zupnija-sm-se.si\/smartno\/wp-content\/uploads\/sites\/2\/2023\/07\/miklavz-cerkev.jpg);\n}\n#section_1482680311 .section-bg {\n  background-position: 45% 63%;\n}\n#section_1482680311 .ux-shape-divider--top svg {\n  height: 150px;\n  --divider-top-width: 100%;\n}\n#section_1482680311 .ux-shape-divider--bottom svg {\n  height: 150px;\n  --divider-width: 100%;\n}\n<\/style>\n\t<\/section>\n\t\n\t<section class=\"section\" id=\"section_683198026\">\n\t\t<div class=\"bg section-bg fill bg-fill  bg-loaded\" >\n\n\t\t\t\n\t\t\t\n\t\t\t\n\n\t\t<\/div>\n\n\t\t\n\n\t\t<div class=\"section-content relative\">\n\t\t\t\n<div class=\"row\"  id=\"row-548667018\">\n\n\t<div id=\"col-397183541\" class=\"col medium-8 small-12 large-8\"  >\n\t\t\t\t<div class=\"col-inner dark\" style=\"background-color:rgb(49, 112, 142);\" >\n\t\t\t\n\t\t\t\n<h2>Cerkev Sv. Miklav\u017ea na Gori<\/h2>\n<p>Cerkev sv. Miklav\u017ea na Gori, postavljena na slikoviti vzpetini (757m) nad Tuhinjsko dolino, je obdana s protitur\u0161kim obzidjem in obrambnim stolpom, ki odra\u017eata njeno zgodovinsko obrambno vlogo.<\/p>\n<p>Lokacija ponuja pre\u010dudovit razgled na okoli\u0161ko hribovje in vrhove Kamni\u0161ko-Savinjskih Alp, kar ji daje edinstven pe\u010dat v regiji. Cerkev je tako duhovno sredi\u0161\u010de kot tudi sti\u010di\u0161\u010de zgodovine in naravne lepote, kjer se preteklost sre\u010da s sedanjostjo v osr\u010dju \u010dudovite narave.<\/p>\n\t<div id=\"gap-1781781419\" class=\"gap-element clearfix\" style=\"display:block; height:auto;\">\n\t\t\n<style>\n#gap-1781781419 {\n  padding-top: 10px;\n}\n<\/style>\n\t<\/div>\n\t\n\t\t<\/div>\n\t\t\t\t\n<style>\n#col-397183541 > .col-inner {\n  margin: -300px 0px 0px 0px;\n}\n<\/style>\n\t<\/div>\n\n\t\n\n<style>\n#row-548667018 > .col > .col-inner {\n  padding: 60px 60px 40px 60px;\n}\n<\/style>\n<\/div>\n\t\t<\/div>\n\n\t\t\n<style>\n#section_683198026 {\n  padding-top: 0px;\n  padding-bottom: 0px;\n  margin-bottom: -48px;\n}\n#section_683198026 .ux-shape-divider--top svg {\n  height: 150px;\n  --divider-top-width: 100%;\n}\n#section_683198026 .ux-shape-divider--bottom svg {\n  height: 150px;\n  --divider-width: 100%;\n}\n<\/style>\n\t<\/section>\n\t\n<div class=\"row align-middle\"  id=\"row-1406193330\">\n\n\t<div id=\"col-1555080047\" class=\"col medium-6 small-12 large-6\"  >\n\t\t\t\t<div class=\"col-inner\"  >\n\t\t\t\n\t\t\t\n<h2>Stari vodnjak<\/h2>\n<p>V davnih \u010dasih, ko so sodobne tehnologije bile le sanje, je bil stari vodnjak v sredi\u0161\u010du skupnosti zna\u010dilen vir sve\u017ee vode. Pridobivanje vode iz globokega vodnjaka je bilo preprosto, a hkrati zahtevalo nekaj truda.<\/p>\n<p>Ljudje so se zbrali okoli vodnjaka, opremljeni z lesenimi vedri in dolgimi vrvmi, ki so bile pritrjene na robustno pre\u010dko nad vodnjakom.<\/p>\n\t\t<\/div>\n\t\t\t\t\t<\/div>\n\n\t\n\n\t<div id=\"col-1931419511\" class=\"col medium-6 small-12 large-6\"  >\n\t\t\t\t<div class=\"col-inner\"  >\n\t\t\t\n\t\t\t\n\t<section class=\"section\" id=\"section_53939040\">\n\t\t<div class=\"bg section-bg fill bg-fill  bg-loaded\" >\n\n\t\t\t\n\t\t\t\n\t\t\t\n\n\t\t<\/div>\n\n\t\t\n\n\t\t<div class=\"section-content relative\">\n\t\t\t\n<div class=\"row row-collapse\"  id=\"row-325503311\">\n\n\t<div id=\"col-869350598\" class=\"col small-12 large-12\"  >\n\t\t\t\t<div class=\"col-inner\"  >\n\t\t\t\n\t\t\t\n\n  <div class=\"banner has-hover\" id=\"banner-972654152\">\n          <div class=\"banner-inner fill\">\n        <div class=\"banner-bg fill\" >\n            <div class=\"bg fill bg-fill \"><\/div>\n                                    \n                    <\/div>\n\t\t\n        <div class=\"banner-layers container\">\n            <div class=\"fill banner-link\"><\/div>            \n   <div id=\"text-box-9949830\" class=\"text-box banner-layer x50 md-x50 lg-x50 y50 md-y50 lg-y50 res-text\">\n                                <div class=\"text-box-content text dark\">\n              \n              <div class=\"text-inner text-center\">\n                  \n              <\/div>\n           <\/div>\n                            \n<style>\n#text-box-9949830 {\n  width: 60%;\n}\n#text-box-9949830 .text-box-content {\n  font-size: 100%;\n}\n<\/style>\n    <\/div>\n \n        <\/div>\n      <\/div>\n\n            \n<style>\n#banner-972654152 {\n  padding-top: 70%;\n}\n#banner-972654152 .bg.bg-loaded {\n  background-image: url(https:\/\/zupnija-sm-se.si\/smartno\/wp-content\/uploads\/sites\/2\/2023\/09\/vodnjak-1400x788.jpg);\n}\n#banner-972654152 .ux-shape-divider--top svg {\n  height: 150px;\n  --divider-top-width: 100%;\n}\n#banner-972654152 .ux-shape-divider--bottom svg {\n  height: 150px;\n  --divider-width: 100%;\n}\n<\/style>\n  <\/div>\n\n\n\t\t<\/div>\n\t\t\t\t\n<style>\n#col-869350598 > .col-inner {\n  margin: 0px 0px 0px -15px;\n}\n<\/style>\n\t<\/div>\n\n\t\n<\/div>\n\t\t<\/div>\n\n\t\t\n<style>\n#section_53939040 {\n  padding-top: 30px;\n  padding-bottom: 30px;\n}\n#section_53939040 .ux-shape-divider--top svg {\n  height: 150px;\n  --divider-top-width: 100%;\n}\n#section_53939040 .ux-shape-divider--bottom svg {\n  height: 150px;\n  --divider-width: 100%;\n}\n<\/style>\n\t<\/section>\n\t\n\t\t<\/div>\n\t\t\t\t\t<\/div>\n\n\t\n\n<style>\n#row-1406193330 > .col > .col-inner {\n  padding: 0px 0px 0px 0px;\n}\n@media (min-width:550px) {\n  #row-1406193330 > .col > .col-inner {\n    padding: 60px 0px 60px 0px;\n  }\n}\n<\/style>\n<\/div>\n\t<section class=\"section\" id=\"section_784706018\">\n\t\t<div class=\"bg section-bg fill bg-fill  \" >\n\n\t\t\t\n\t\t\t<div class=\"section-bg-overlay absolute fill\"><\/div>\n\t\t\t\n\n\t\t<\/div>\n\n\t\t\n\n\t\t<div class=\"section-content relative\">\n\t\t\t\n\t<div id=\"gap-644200695\" class=\"gap-element clearfix\" style=\"display:block; height:auto;\">\n\t\t\n<style>\n#gap-644200695 {\n  padding-top: 30px;\n}\n<\/style>\n\t<\/div>\n\t\n\t\t<\/div>\n\n\t\t\n<style>\n#section_784706018 {\n  padding-top: 30px;\n  padding-bottom: 30px;\n  min-height: 500px;\n}\n#section_784706018 .section-bg-overlay {\n  background-color: rgba(0, 0, 0, 0.25);\n}\n#section_784706018 .section-bg.bg-loaded {\n  background-image: url(https:\/\/zupnija-sm-se.si\/smartno\/wp-content\/uploads\/sites\/2\/2023\/11\/IMG_20230811_181906-scaled.jpg);\n}\n#section_784706018 .section-bg {\n  background-position: 80% 8%;\n}\n#section_784706018 .ux-shape-divider--top svg {\n  height: 150px;\n  --divider-top-width: 100%;\n}\n#section_784706018 .ux-shape-divider--bottom svg {\n  height: 150px;\n  --divider-width: 100%;\n}\n<\/style>\n\t<\/section>\n\t\n\t<section class=\"section\" id=\"section_1148199137\">\n\t\t<div class=\"bg section-bg fill bg-fill  bg-loaded\" >\n\n\t\t\t\n\t\t\t\n\t\t\t\n\n\t\t<\/div>\n\n\t\t\n\n\t\t<div class=\"section-content relative\">\n\t\t\t\n<div class=\"row align-right\"  id=\"row-1236762026\">\n\n\t<div id=\"col-868491164\" class=\"col medium-8 small-12 large-8\"  >\n\t\t\t\t<div class=\"col-inner dark\" style=\"background-color:#31708e;\" >\n\t\t\t\n\t\t\t\n<div class=\"container section-title-container\" ><h2 class=\"section-title section-title-normal\"><b><\/b><span class=\"section-title-main\" style=\"font-size:60%;\">Zvonik<\/span><b><\/b><\/h2><\/div>\n<p>Lo\u010den zvonik cerkve sv. Miklav\u017ea na Gori je edinstvena arhitekturna zna\u010dilnost, ki zaznamuje regijo. Njegova lo\u010dena postavitev od glavne cerkvene zgradbe odra\u017ea arhitekturne in funkcionalne namene iz \u010dasa njegove gradnje.<\/p>\n<p>Zvonik ne le dopolnjuje estetsko vrednost celotnega cerkvenega kompleksa, temve\u010d tudi poudarja zgodovinski pomen obmo\u010dja, kar obiskovalcem ponuja vpogled v bogato kulturno dedi\u0161\u010dino.<\/p>\n\t<div id=\"gap-517232251\" class=\"gap-element clearfix\" style=\"display:block; height:auto;\">\n\t\t\n<style>\n#gap-517232251 {\n  padding-top: 10px;\n}\n<\/style>\n\t<\/div>\n\t\n\t\t<\/div>\n\t\t\t\t\n<style>\n#col-868491164 > .col-inner {\n  margin: -300px 0px 0px 0px;\n}\n<\/style>\n\t<\/div>\n\n\t\n\n<style>\n#row-1236762026 > .col > .col-inner {\n  padding: 60px 60px 40px 60px;\n}\n<\/style>\n<\/div>\n\t\t<\/div>\n\n\t\t\n<style>\n#section_1148199137 {\n  padding-top: 0px;\n  padding-bottom: 0px;\n}\n#section_1148199137 .ux-shape-divider--top svg {\n  height: 150px;\n  --divider-top-width: 100%;\n}\n#section_1148199137 .ux-shape-divider--bottom svg {\n  height: 150px;\n  --divider-width: 100%;\n}\n<\/style>\n\t<\/section>\n\t\n<div class=\"row align-middle\"  id=\"row-537631184\">\n\n\t<div id=\"col-28655219\" class=\"col medium-6 small-12 large-6\"  >\n\t\t\t\t<div class=\"col-inner\"  >\n\t\t\t\n\t\t\t\n<h2>Zgodovina<\/h2>\n<p>Cerkev sv. Miklav\u017ea na Gori se pona\u0161a z bogato in zanimivo zgodovino, ki sega ve\u010d stoletij nazaj. Arheolo\u0161ke raziskave, opravljene leta 2000, so razkrile, da sedanja cerkev stoji na ostankih temeljev dveh predhodnih cerkva.<\/p>\n<p>Odkriti temelji segajo v 13. stoletje, medtem ko so nekatere strukture \u0161e starej\u0161e, saj datirajo v 5. ali 6. stoletje. To mesto je tako skozi razli\u010dna zgodovinska obdobja slu\u017eilo kot versko zato\u010di\u0161\u010de, pri\u010devanje o preteklih dogodkih in ohranjanje kulturne dedi\u0161\u010dine regije.<\/p>\n\t\t<\/div>\n\t\t\t\t\t<\/div>\n\n\t\n\n\t<div id=\"col-1523001313\" class=\"col medium-6 small-12 large-6 small-col-first\"  >\n\t\t\t\t<div class=\"col-inner\"  >\n\t\t\t\n\t\t\t\n\t<section class=\"section\" id=\"section_624513659\">\n\t\t<div class=\"bg section-bg fill bg-fill  bg-loaded\" >\n\n\t\t\t\n\t\t\t\n\t\t\t\n\n\t\t<\/div>\n\n\t\t\n\n\t\t<div class=\"section-content relative\">\n\t\t\t\n<div class=\"row row-collapse\"  id=\"row-1088721421\">\n\n\t<div id=\"col-191300322\" class=\"col small-12 large-12\"  >\n\t\t\t\t<div class=\"col-inner\"  >\n\t\t\t\n\t\t\t\n\n  <div class=\"banner has-hover\" id=\"banner-375183868\">\n          <div class=\"banner-inner fill\">\n        <div class=\"banner-bg fill\" >\n            <div class=\"bg fill bg-fill \"><\/div>\n                                    \n                    <\/div>\n\t\t\n        <div class=\"banner-layers container\">\n            <div class=\"fill banner-link\"><\/div>            \n   <div id=\"text-box-1223616504\" class=\"text-box banner-layer x50 md-x50 lg-x50 y50 md-y50 lg-y50 res-text\">\n                                <div class=\"text-box-content text dark\">\n              \n              <div class=\"text-inner text-center\">\n                  \n              <\/div>\n           <\/div>\n                            \n<style>\n#text-box-1223616504 {\n  width: 60%;\n}\n#text-box-1223616504 .text-box-content {\n  font-size: 100%;\n}\n<\/style>\n    <\/div>\n \n        <\/div>\n      <\/div>\n\n            \n<style>\n#banner-375183868 {\n  padding-top: 70%;\n}\n#banner-375183868 .bg.bg-loaded {\n  background-image: url(https:\/\/zupnija-sm-se.si\/smartno\/wp-content\/uploads\/sites\/2\/2023\/11\/IMG_20230811_182113-1063x800.jpg);\n}\n#banner-375183868 .ux-shape-divider--top svg {\n  height: 150px;\n  --divider-top-width: 100%;\n}\n#banner-375183868 .ux-shape-divider--bottom svg {\n  height: 150px;\n  --divider-width: 100%;\n}\n<\/style>\n  <\/div>\n\n\n\t\t<\/div>\n\t\t\t\t\n<style>\n#col-191300322 > .col-inner {\n  margin: 0px 0px 0px -15px;\n}\n<\/style>\n\t<\/div>\n\n\t\n<\/div>\n\t\t<\/div>\n\n\t\t\n<style>\n#section_624513659 {\n  padding-top: 30px;\n  padding-bottom: 30px;\n}\n#section_624513659 .ux-shape-divider--top svg {\n  height: 150px;\n  --divider-top-width: 100%;\n}\n#section_624513659 .ux-shape-divider--bottom svg {\n  height: 150px;\n  --divider-width: 100%;\n}\n<\/style>\n\t<\/section>\n\t\n\t\t<\/div>\n\t\t\t\t\t<\/div>\n\n\t\n\n<style>\n#row-537631184 > .col > .col-inner {\n  padding: 0px 0px 0px 0px;\n}\n@media (min-width:550px) {\n  #row-537631184 > .col > .col-inner {\n    padding: 60px 0px 60px 0px;\n  }\n}\n<\/style>\n<\/div>\n","protected":false},"excerpt":{"rendered":"","protected":false},"author":1,"featured_media":0,"parent":0,"menu_order":0,"comment_status":"closed","ping_status":"closed","template":"page-blank.php","meta":{"pgc_sgb_lightbox_settings":"","footnotes":""},"class_list":["post-539","page","type-page","status-publish","hentry"],"yoast_head":"<!-- This site is optimized with the Yoast SEO plugin v27.4 - https:\/\/yoast.com\/product\/yoast-seo-wordpress\/ -->\n<title>Sv. Miklav\u017e - Gora - \u017dupnija \u0160martno v Tuhinju<\/title>\n<meta name=\"description\" content=\"Sv. Miklav\u017e - Gora \u017dupnija \u0160martno v Tuhinju\" \/>\n<meta name=\"robots\" content=\"index, follow, max-snippet:-1, max-image-preview:large, max-video-preview:-1\" \/>\n<link rel=\"canonical\" href=\"https:\/\/zupnija-sm-se.si\/smartno\/sv-miklavz\/\" \/>\n<meta property=\"og:locale\" content=\"sl_SI\" \/>\n<meta property=\"og:type\" content=\"article\" \/>\n<meta property=\"og:title\" content=\"Sv. Miklav\u017e - Gora - \u017dupnija \u0160martno v Tuhinju\" \/>\n<meta property=\"og:description\" content=\"Sv. Miklav\u017e - Gora \u017dupnija \u0160martno v Tuhinju\" \/>\n<meta property=\"og:url\" content=\"https:\/\/zupnija-sm-se.si\/smartno\/sv-miklavz\/\" \/>\n<meta property=\"og:site_name\" content=\"\u017dupnija \u0160martno v Tuhinju\" \/>\n<meta property=\"article:publisher\" content=\"https:\/\/www.facebook.com\/profile.php?id=100093152272946\" \/>\n<meta property=\"article:modified_time\" content=\"2023-11-02T13:03:59+00:00\" \/>\n<meta property=\"og:image\" content=\"https:\/\/zupnija-sm-se.si\/smartno\/wp-content\/uploads\/sites\/2\/2023\/07\/cropped-favicon.png\" \/>\n\t<meta property=\"og:image:width\" content=\"512\" \/>\n\t<meta property=\"og:image:height\" content=\"512\" \/>\n\t<meta property=\"og:image:type\" content=\"image\/png\" \/>\n<meta name=\"twitter:card\" content=\"summary_large_image\" \/>\n<meta name=\"twitter:label1\" content=\"Est. reading time\" \/>\n\t<meta name=\"twitter:data1\" content=\"5 minut\" \/>\n<script type=\"application\/ld+json\" class=\"yoast-schema-graph\">{\"@context\":\"https:\\\/\\\/schema.org\",\"@graph\":[{\"@type\":\"WebPage\",\"@id\":\"https:\\\/\\\/zupnija-sm-se.si\\\/smartno\\\/sv-miklavz\\\/\",\"url\":\"https:\\\/\\\/zupnija-sm-se.si\\\/smartno\\\/sv-miklavz\\\/\",\"name\":\"Sv. Miklav\u017e - Gora - \u017dupnija \u0160martno v Tuhinju\",\"isPartOf\":{\"@id\":\"https:\\\/\\\/zupnija-sm-se.si\\\/smartno\\\/#website\"},\"datePublished\":\"2023-09-01T18:43:40+00:00\",\"dateModified\":\"2023-11-02T13:03:59+00:00\",\"description\":\"Sv. Miklav\u017e - Gora \u017dupnija \u0160martno v Tuhinju\",\"breadcrumb\":{\"@id\":\"https:\\\/\\\/zupnija-sm-se.si\\\/smartno\\\/sv-miklavz\\\/#breadcrumb\"},\"inLanguage\":\"sl-SI\",\"potentialAction\":[{\"@type\":\"ReadAction\",\"target\":[\"https:\\\/\\\/zupnija-sm-se.si\\\/smartno\\\/sv-miklavz\\\/\"]}]},{\"@type\":\"BreadcrumbList\",\"@id\":\"https:\\\/\\\/zupnija-sm-se.si\\\/smartno\\\/sv-miklavz\\\/#breadcrumb\",\"itemListElement\":[{\"@type\":\"ListItem\",\"position\":1,\"name\":\"Home\",\"item\":\"https:\\\/\\\/zupnija-sm-se.si\\\/smartno\\\/\"},{\"@type\":\"ListItem\",\"position\":2,\"name\":\"Sv. Miklav\u017e &#8211; Gora\"}]},{\"@type\":\"WebSite\",\"@id\":\"https:\\\/\\\/zupnija-sm-se.si\\\/smartno\\\/#website\",\"url\":\"https:\\\/\\\/zupnija-sm-se.si\\\/smartno\\\/\",\"name\":\"\u017dupnija \u0160martno v Tuhinju\",\"description\":\"\u017dupnija \u0160martno v Tuhinju\",\"publisher\":{\"@id\":\"https:\\\/\\\/zupnija-sm-se.si\\\/smartno\\\/#organization\"},\"alternateName\":\"\u017dupnija \u0160martno v Tuhinju\",\"potentialAction\":[{\"@type\":\"SearchAction\",\"target\":{\"@type\":\"EntryPoint\",\"urlTemplate\":\"https:\\\/\\\/zupnija-sm-se.si\\\/smartno\\\/?s={search_term_string}\"},\"query-input\":{\"@type\":\"PropertyValueSpecification\",\"valueRequired\":true,\"valueName\":\"search_term_string\"}}],\"inLanguage\":\"sl-SI\"},{\"@type\":\"Organization\",\"@id\":\"https:\\\/\\\/zupnija-sm-se.si\\\/smartno\\\/#organization\",\"name\":\"\u017dupnija \u0160martno v Tuhinju\",\"alternateName\":\"\u017dupnija \u0160martno v Tuhinju\",\"url\":\"https:\\\/\\\/zupnija-sm-se.si\\\/smartno\\\/\",\"logo\":{\"@type\":\"ImageObject\",\"inLanguage\":\"sl-SI\",\"@id\":\"https:\\\/\\\/zupnija-sm-se.si\\\/smartno\\\/#\\\/schema\\\/logo\\\/image\\\/\",\"url\":\"https:\\\/\\\/zupnija-sm-se.si\\\/smartno\\\/wp-content\\\/uploads\\\/sites\\\/2\\\/2023\\\/07\\\/cropped-favicon.png\",\"contentUrl\":\"https:\\\/\\\/zupnija-sm-se.si\\\/smartno\\\/wp-content\\\/uploads\\\/sites\\\/2\\\/2023\\\/07\\\/cropped-favicon.png\",\"width\":512,\"height\":512,\"caption\":\"\u017dupnija \u0160martno v Tuhinju\"},\"image\":{\"@id\":\"https:\\\/\\\/zupnija-sm-se.si\\\/smartno\\\/#\\\/schema\\\/logo\\\/image\\\/\"},\"sameAs\":[\"https:\\\/\\\/www.facebook.com\\\/profile.php?id=100093152272946\"]}]}<\/script>\n<!-- \/ Yoast SEO plugin. -->","yoast_head_json":{"title":"Sv. Miklav\u017e - Gora - \u017dupnija \u0160martno v Tuhinju","description":"Sv. Miklav\u017e - Gora \u017dupnija \u0160martno v Tuhinju","robots":{"index":"index","follow":"follow","max-snippet":"max-snippet:-1","max-image-preview":"max-image-preview:large","max-video-preview":"max-video-preview:-1"},"canonical":"https:\/\/zupnija-sm-se.si\/smartno\/sv-miklavz\/","og_locale":"sl_SI","og_type":"article","og_title":"Sv. Miklav\u017e - Gora - \u017dupnija \u0160martno v Tuhinju","og_description":"Sv. Miklav\u017e - Gora \u017dupnija \u0160martno v Tuhinju","og_url":"https:\/\/zupnija-sm-se.si\/smartno\/sv-miklavz\/","og_site_name":"\u017dupnija \u0160martno v Tuhinju","article_publisher":"https:\/\/www.facebook.com\/profile.php?id=100093152272946","article_modified_time":"2023-11-02T13:03:59+00:00","og_image":[{"width":512,"height":512,"url":"https:\/\/zupnija-sm-se.si\/smartno\/wp-content\/uploads\/sites\/2\/2023\/07\/cropped-favicon.png","type":"image\/png"}],"twitter_card":"summary_large_image","twitter_misc":{"Est. reading time":"5 minut"},"schema":{"@context":"https:\/\/schema.org","@graph":[{"@type":"WebPage","@id":"https:\/\/zupnija-sm-se.si\/smartno\/sv-miklavz\/","url":"https:\/\/zupnija-sm-se.si\/smartno\/sv-miklavz\/","name":"Sv. Miklav\u017e - Gora - \u017dupnija \u0160martno v Tuhinju","isPartOf":{"@id":"https:\/\/zupnija-sm-se.si\/smartno\/#website"},"datePublished":"2023-09-01T18:43:40+00:00","dateModified":"2023-11-02T13:03:59+00:00","description":"Sv. Miklav\u017e - Gora \u017dupnija \u0160martno v Tuhinju","breadcrumb":{"@id":"https:\/\/zupnija-sm-se.si\/smartno\/sv-miklavz\/#breadcrumb"},"inLanguage":"sl-SI","potentialAction":[{"@type":"ReadAction","target":["https:\/\/zupnija-sm-se.si\/smartno\/sv-miklavz\/"]}]},{"@type":"BreadcrumbList","@id":"https:\/\/zupnija-sm-se.si\/smartno\/sv-miklavz\/#breadcrumb","itemListElement":[{"@type":"ListItem","position":1,"name":"Home","item":"https:\/\/zupnija-sm-se.si\/smartno\/"},{"@type":"ListItem","position":2,"name":"Sv. Miklav\u017e &#8211; Gora"}]},{"@type":"WebSite","@id":"https:\/\/zupnija-sm-se.si\/smartno\/#website","url":"https:\/\/zupnija-sm-se.si\/smartno\/","name":"\u017dupnija \u0160martno v Tuhinju","description":"\u017dupnija \u0160martno v Tuhinju","publisher":{"@id":"https:\/\/zupnija-sm-se.si\/smartno\/#organization"},"alternateName":"\u017dupnija \u0160martno v Tuhinju","potentialAction":[{"@type":"SearchAction","target":{"@type":"EntryPoint","urlTemplate":"https:\/\/zupnija-sm-se.si\/smartno\/?s={search_term_string}"},"query-input":{"@type":"PropertyValueSpecification","valueRequired":true,"valueName":"search_term_string"}}],"inLanguage":"sl-SI"},{"@type":"Organization","@id":"https:\/\/zupnija-sm-se.si\/smartno\/#organization","name":"\u017dupnija \u0160martno v Tuhinju","alternateName":"\u017dupnija \u0160martno v Tuhinju","url":"https:\/\/zupnija-sm-se.si\/smartno\/","logo":{"@type":"ImageObject","inLanguage":"sl-SI","@id":"https:\/\/zupnija-sm-se.si\/smartno\/#\/schema\/logo\/image\/","url":"https:\/\/zupnija-sm-se.si\/smartno\/wp-content\/uploads\/sites\/2\/2023\/07\/cropped-favicon.png","contentUrl":"https:\/\/zupnija-sm-se.si\/smartno\/wp-content\/uploads\/sites\/2\/2023\/07\/cropped-favicon.png","width":512,"height":512,"caption":"\u017dupnija \u0160martno v Tuhinju"},"image":{"@id":"https:\/\/zupnija-sm-se.si\/smartno\/#\/schema\/logo\/image\/"},"sameAs":["https:\/\/www.facebook.com\/profile.php?id=100093152272946"]}]}},"_links":{"self":[{"href":"https:\/\/zupnija-sm-se.si\/smartno\/wp-json\/wp\/v2\/pages\/539","targetHints":{"allow":["GET"]}}],"collection":[{"href":"https:\/\/zupnija-sm-se.si\/smartno\/wp-json\/wp\/v2\/pages"}],"about":[{"href":"https:\/\/zupnija-sm-se.si\/smartno\/wp-json\/wp\/v2\/types\/page"}],"author":[{"embeddable":true,"href":"https:\/\/zupnija-sm-se.si\/smartno\/wp-json\/wp\/v2\/users\/1"}],"replies":[{"embeddable":true,"href":"https:\/\/zupnija-sm-se.si\/smartno\/wp-json\/wp\/v2\/comments?post=539"}],"version-history":[{"count":0,"href":"https:\/\/zupnija-sm-se.si\/smartno\/wp-json\/wp\/v2\/pages\/539\/revisions"}],"wp:attachment":[{"href":"https:\/\/zupnija-sm-se.si\/smartno\/wp-json\/wp\/v2\/media?parent=539"}],"curies":[{"name":"wp","href":"https:\/\/api.w.org\/{rel}","templated":true}]}}