{"id":421,"date":"2023-07-01T16:21:50","date_gmt":"2023-07-01T16:21:50","guid":{"rendered":"https:\/\/zupnija-sm-se.si\/smartno\/?page_id=421"},"modified":"2023-10-02T17:37:37","modified_gmt":"2023-10-02T17:37:37","slug":"kontakt","status":"publish","type":"page","link":"https:\/\/zupnija-sm-se.si\/smartno\/kontakt\/","title":{"rendered":"Kontakt"},"content":{"rendered":"<div class=\"row row-collapse row-full-width\"  id=\"row-780740060\">\n\n\t<div id=\"col-1178689300\" class=\"col small-12 large-12\"  data-animate=\"bounceInLeft\">\n\t\t\t\t<div class=\"col-inner text-shadow-5\"  >\n\t\t\t\n\t\t\t\n\t<section class=\"section\" id=\"section_426690610\">\n\t\t<div class=\"bg section-bg fill bg-fill  \" >\n\n\t\t\t\n\t\t\t<div class=\"section-bg-overlay absolute fill\"><\/div><button class=\"scroll-for-more z-5 icon absolute bottom h-center\" aria-label=\"Scroll for more\"><i class=\"icon-angle-down\" style=\"font-size:42px;\"><\/i><\/button>\n\t\t\t\n\n\t\t<\/div>\n\n\t\t\n\n\t\t<div class=\"section-content relative\">\n\t\t\t\n<div class=\"row row-collapse align-center\" style=\"max-width:\" id=\"row-1709222768\">\n\n\t<div id=\"col-335676418\" class=\"col medium-11 small-12 large-11\"  >\n\t\t\t\t<div class=\"col-inner text-center dark\"  >\n\t\t\t\n\t\t\t\n<h1><span style=\"font-size: 250%;\">Kontakt<\/span><\/h1>\n<p class=\"lead\"><span style=\"font-size: 120%;\">Po\u0161ljite nam sporo\u010dilo<\/span><\/p>\n\t\t<\/div>\n\t\t\t\t\n<style>\n#col-335676418 > .col-inner {\n  padding: 100px 20px 200px 0px;\n}\n@media (min-width:550px) {\n  #col-335676418 > .col-inner {\n    padding: 149px 0px 200px 0px;\n  }\n}\n<\/style>\n\t<\/div>\n\n\t\n<\/div>\n\t\t<\/div>\n\n\t\t\n<style>\n#section_426690610 {\n  padding-top: 0px;\n  padding-bottom: 0px;\n  margin-bottom: 0px;\n  min-height: 0px;\n}\n#section_426690610 .section-bg-overlay {\n  background-color: rgba(0, 0, 0, 0.12);\n}\n#section_426690610 .section-bg.bg-loaded {\n  background-image: url(https:\/\/zupnija-sm-se.si\/smartno\/wp-content\/uploads\/sites\/2\/2023\/07\/male-priest-reading-from-bible-grave-with-mourning-family-scaled.jpg);\n}\n#section_426690610 .section-bg {\n  background-position: 45% 85%;\n}\n#section_426690610 .ux-shape-divider--top svg {\n  height: 150px;\n  --divider-top-width: 100%;\n}\n#section_426690610 .ux-shape-divider--bottom svg {\n  height: 150px;\n  --divider-width: 100%;\n}\n@media (min-width:550px) {\n  #section_426690610 .section-bg-overlay {\n    background-color: rgba(0, 0, 0, 0.21);\n  }\n}\n@media (min-width:850px) {\n  #section_426690610 {\n    padding-top: 0px;\n    padding-bottom: 0px;\n  }\n  #section_426690610 .section-bg-overlay {\n    background-color: rgba(0, 0, 0, 0.459);\n  }\n}\n<\/style>\n\t<\/section>\n\t\n\t\t<\/div>\n\t\t\t\t\n<style>\n#col-1178689300 > .col-inner {\n  padding: 0px 0px 0px 0px;\n}\n@media (min-width:550px) {\n  #col-1178689300 > .col-inner {\n    padding: 0px 0px 0px 0px;\n  }\n}\n<\/style>\n\t<\/div>\n\n\t\n<\/div>\n<div class=\"row row-small row-divided\" style=\"max-width:1400px\" id=\"row-471180155\">\n\n\t<div id=\"col-401853076\" class=\"col small-12 large-12\"  data-animate=\"bounceInRight\">\n\t\t\t\t<div class=\"col-inner box-shadow-5\" style=\"background-color:rgb(255, 255, 255);\" >\n\t\t\t\n\t\t\t\n<div class=\"row row-collapse row-full-width\"  id=\"row-805982260\">\n\n\t<div id=\"col-1621091792\" class=\"col medium-12 small-12 large-6\"  >\n\t\t\t\t<div class=\"col-inner\"  >\n\t\t\t\n\t\t\t\n<h2><span style=\"font-size: 27.648px;\">Kontaktirajte nas<\/span><\/h2>\n<p>\n\t<div id=\"gap-565882580\" class=\"gap-element clearfix\" style=\"display:block; height:auto;\">\n\t\t\n<style>\n#gap-565882580 {\n  padding-top: 20px;\n}\n@media (min-width:550px) {\n  #gap-565882580 {\n    padding-top: 20px;\n  }\n}\n@media (min-width:850px) {\n  #gap-565882580 {\n    padding-top: 30px;\n  }\n}\n<\/style>\n\t<\/div>\n\t\n<div class=\"row\"  id=\"row-135501719\">\n\n\t<div id=\"col-1982343733\" class=\"col medium-6 small-12 large-6\"  >\n\t\t\t\t<div class=\"col-inner\"  >\n\t\t\t\n\t\t\t\n\t<div class=\"img has-hover x md-x lg-x y md-y lg-y\" id=\"image_441758716\">\n\t\t\t\t\t\t\t\t<div class=\"img-inner dark\" >\n\t\t\t<img decoding=\"async\" width=\"240\" height=\"240\" src=\"https:\/\/zupnija-sm-se.si\/smartno\/wp-content\/uploads\/sites\/2\/2023\/07\/map-pin-2-fill-2.png\" class=\"attachment-large size-large\" alt=\"\" \/>\t\t\t\t\t\t\n\t\t\t\t\t<\/div>\n\t\t\t\t\t\t\t\t\n<style>\n#image_441758716 {\n  width: 20%;\n}\n<\/style>\n\t<\/div>\n\t\n<h3 class=\"uppercase\">Naslov<\/h3>\n<p>\u0160martno v Tuhinju 18<br \/>1219 Laze v Tuhinju<br \/>Slovenija<\/p>\n\t\t<\/div>\n\t\t\t\t\t<\/div>\n\n\t\n\n\t<div id=\"col-1545339379\" class=\"col medium-6 small-12 large-6\"  >\n\t\t\t\t<div class=\"col-inner\"  >\n\t\t\t\n\t\t\t\n\t<div class=\"img has-hover x md-x lg-x y md-y lg-y\" id=\"image_1904167231\">\n\t\t\t\t\t\t\t\t<div class=\"img-inner dark\" >\n\t\t\t<img decoding=\"async\" width=\"240\" height=\"240\" src=\"https:\/\/zupnija-sm-se.si\/smartno\/wp-content\/uploads\/sites\/2\/2023\/07\/mail-open-fill.png\" class=\"attachment-large size-large\" alt=\"\" \/>\t\t\t\t\t\t\n\t\t\t\t\t<\/div>\n\t\t\t\t\t\t\t\t\n<style>\n#image_1904167231 {\n  width: 15%;\n}\n@media (min-width:550px) {\n  #image_1904167231 {\n    width: 20%;\n  }\n}\n<\/style>\n\t<\/div>\n\t\n<h3 class=\"uppercase\">E-mail<\/h3>\n<p>zupnija.smartno.sela@gmail.com<\/p>\n<p>\u00a0<\/p>\n\t\t<\/div>\n\t\t\t\t\t<\/div>\n\n\t\n\n<\/div>\n<div class=\"row row-full-width align-equal\"  id=\"row-307215309\">\n\n\t<div id=\"col-483809839\" class=\"col medium-6 small-12 large-6\"  >\n\t\t\t\t<div class=\"col-inner\"  >\n\t\t\t\n\t\t\t\n\t<div class=\"img has-hover x md-x lg-x y md-y lg-y\" id=\"image_1304516579\">\n\t\t\t\t\t\t\t\t<div class=\"img-inner dark\" >\n\t\t\t<img decoding=\"async\" width=\"240\" height=\"240\" src=\"https:\/\/zupnija-sm-se.si\/smartno\/wp-content\/uploads\/sites\/2\/2023\/07\/time-fill.png\" class=\"attachment-large size-large\" alt=\"\" \/>\t\t\t\t\t\t\n\t\t\t\t\t<\/div>\n\t\t\t\t\t\t\t\t\n<style>\n#image_1304516579 {\n  width: 15%;\n}\n@media (min-width:550px) {\n  #image_1304516579 {\n    width: 20%;\n  }\n}\n<\/style>\n\t<\/div>\n\t\n<h3 class=\"uppercase\">URADNE URE &#8211; SELA<\/h3>\n<p>po ve\u010derni sveti ma\u0161i<\/p>\n<ul>\n<li>torek<\/li>\n<li>sreda<\/li>\n<li>petek<\/li>\n<\/ul>\n<p>sobota: 9:00 &#8211; 10:00<\/p>\n\t\t<\/div>\n\t\t\t\t\t<\/div>\n\n\t\n<\/div>\n\t\t<\/div>\n\t\t\t\t\n<style>\n#col-1621091792 > .col-inner {\n  padding: 0px 0px 0px 20px;\n}\n<\/style>\n\t<\/div>\n\n\t\n\n\t<div id=\"col-1489229362\" class=\"col medium-12 small-12 large-6\"  >\n\t\t\t\t<div class=\"col-inner\"  >\n\t\t\t\n\t\t\t\n<h2><span style=\"font-size: 27.648px;\">Postavite nam vpra\u0161anje<\/span><\/h2>\n<p>\u00a0<\/p>\n\t<div id=\"gap-293495158\" class=\"gap-element clearfix\" style=\"display:block; height:auto;\">\n\t\t\n<style>\n#gap-293495158 {\n  padding-top: 20px;\n}\n@media (min-width:550px) {\n  #gap-293495158 {\n    padding-top: 20px;\n  }\n}\n@media (min-width:850px) {\n  #gap-293495158 {\n    padding-top: 30px;\n  }\n}\n<\/style>\n\t<\/div>\n\t\n\n<div class=\"wpcf7 no-js\" id=\"wpcf7-f434-o1\" lang=\"sl-SI\" dir=\"ltr\" data-wpcf7-id=\"434\">\n<div class=\"screen-reader-response\"><p role=\"status\" aria-live=\"polite\" aria-atomic=\"true\"><\/p> <ul><\/ul><\/div>\n<form action=\"\/smartno\/wp-json\/wp\/v2\/pages\/421#wpcf7-f434-o1\" method=\"post\" class=\"wpcf7-form init\" aria-label=\"Kontaktni obrazec\" novalidate=\"novalidate\" data-status=\"init\">\n<fieldset class=\"hidden-fields-container\"><input type=\"hidden\" name=\"_wpcf7\" value=\"434\" \/><input type=\"hidden\" name=\"_wpcf7_version\" value=\"6.1.5\" \/><input type=\"hidden\" name=\"_wpcf7_locale\" value=\"sl_SI\" \/><input type=\"hidden\" name=\"_wpcf7_unit_tag\" value=\"wpcf7-f434-o1\" \/><input type=\"hidden\" name=\"_wpcf7_container_post\" value=\"0\" \/><input type=\"hidden\" name=\"_wpcf7_posted_data_hash\" value=\"\" \/><input type=\"hidden\" name=\"_wpcf7_recaptcha_response\" value=\"\" \/>\n<\/fieldset>\n<p><label> Va\u0161e ime:<br \/>\n<span class=\"wpcf7-form-control-wrap\" data-name=\"your-name\"><input size=\"40\" maxlength=\"400\" class=\"wpcf7-form-control wpcf7-text wpcf7-validates-as-required\" aria-required=\"true\" aria-invalid=\"false\" value=\"\" type=\"text\" name=\"your-name\" \/><\/span> <\/label>\n<\/p>\n<p><label> Va\u0161 e-po\u0161tni naslov<br \/>\n<span class=\"wpcf7-form-control-wrap\" data-name=\"your-email\"><input size=\"40\" maxlength=\"400\" class=\"wpcf7-form-control wpcf7-email wpcf7-validates-as-required wpcf7-text wpcf7-validates-as-email\" aria-required=\"true\" aria-invalid=\"false\" value=\"\" type=\"email\" name=\"your-email\" \/><\/span> <\/label>\n<\/p>\n<p><label> Zadeva<br \/>\n<span class=\"wpcf7-form-control-wrap\" data-name=\"your-subject\"><input size=\"40\" maxlength=\"400\" class=\"wpcf7-form-control wpcf7-text wpcf7-validates-as-required\" aria-required=\"true\" aria-invalid=\"false\" value=\"\" type=\"text\" name=\"your-subject\" \/><\/span> <\/label>\n<\/p>\n<p><label> Va\u0161e sporo\u010dilo<br \/>\n<span class=\"wpcf7-form-control-wrap\" data-name=\"your-message\"><textarea cols=\"40\" rows=\"10\" maxlength=\"2000\" class=\"wpcf7-form-control wpcf7-textarea\" aria-invalid=\"false\" name=\"your-message\"><\/textarea><\/span> <\/label>\n<\/p>\n<p><input class=\"wpcf7-form-control wpcf7-submit has-spinner\" type=\"submit\" value=\"Po\u0161lji\" \/>\n<\/p><p style=\"display: none !important;\" class=\"akismet-fields-container\" data-prefix=\"_wpcf7_ak_\"><label>&#916;<textarea name=\"_wpcf7_ak_hp_textarea\" cols=\"45\" rows=\"8\" maxlength=\"100\"><\/textarea><\/label><input type=\"hidden\" id=\"ak_js_1\" name=\"_wpcf7_ak_js\" value=\"228\"\/><script>document.getElementById( \"ak_js_1\" ).setAttribute( \"value\", ( new Date() ).getTime() );<\/script><\/p><div class=\"wpcf7-response-output\" aria-hidden=\"true\"><\/div>\n<\/form>\n<\/div>\n\n\t\t<\/div>\n\t\t\t\t\t<\/div>\n\n\t\n\n<style>\n#row-805982260 > .col > .col-inner {\n  padding: 0px 15px 0px 15px;\n}\n<\/style>\n<\/div>\n\t\t<\/div>\n\t\t\t\t\n<style>\n#col-401853076 > .col-inner {\n  padding: 50px 20px 0px 20px;\n  margin: -0 0px 0px 0px;\n}\n@media (min-width:550px) {\n  #col-401853076 > .col-inner {\n    padding: 50px 20px 30px 20px;\n    margin: 0 0px 0px 0px;\n  }\n}\n@media (min-width:850px) {\n  #col-401853076 > .col-inner {\n    padding: 33px 5% 22px 5%;\n    margin: -153px 0px 43px 0px;\n  }\n}\n<\/style>\n\t<\/div>\n\n\t\n<\/div>\n<div class=\"row row-collapse row-full-width align-equal align-center row-divided\"  id=\"row-402332558\">\n\n\t<div id=\"col-1238487883\" class=\"col small-12 large-12\"  >\n\t\t\t\t<div class=\"col-inner text-center\"  >\n\t\t\t\n\t\t\t\n\n\t<script type=\"text\/javascript\">\n  jQuery( document ).ready(function() {\n    function initialize() {\n        var styles = {\n            'flatsome':  [{\n            \"featureType\": \"administrative\",\n            \"stylers\": [\n              { \"visibility\": \"on\" }\n            ]\n          },\n          {\n            \"featureType\": \"road\",\n            \"stylers\": [\n              { \"visibility\": \"on\" },\n              { \"hue\": \"\" }\n            ]\n          },\n          {\n            \"stylers\": [\n\t\t\t  { \"visibility\": \"on\" },\n\t\t\t  { \"hue\": \"\" },\n\t\t\t  { \"saturation\": -30 }\n            ]\n          }\n        ]};\n\n        var myLatlng = new google.maps.LatLng(46.215740349331, 14.734276586707);\n        var myOptions = {\n            zoom: 13,\n            center: myLatlng,\n            mapTypeId: google.maps.MapTypeId.ROADMAP,\n            disableDefaultUI: true,\n            mapTypeId: 'flatsome',\n            draggable: true,\n            zoomControl: true,\n            zoomControlOptions: {\n              position: google.maps.ControlPosition.TOP_LEFT\n            },\n      \t\t\t\/\/ panControl: true,\n            \/\/ panControlOptions: {\n            \/\/   position: google.maps.ControlPosition.TOP_LEFT\n            \/\/ },\n      \t\t\tmapTypeControl: true,\n            mapTypeControlOptions: {\n              position: google.maps.ControlPosition.TOP_LEFT\n            },\n      \t\t\t\/\/ scaleControl: true,\n            \/\/ scaleControlOptions: {\n            \/\/   position: google.maps.ControlPosition.TOP_LEFT\n            \/\/ },\n      \t\t\tstreetViewControl: true,\n            streetViewControlOptions: {\n              position: google.maps.ControlPosition.TOP_LEFT\n            },\n      \t\t\t\/\/ overviewMapControl: true,\n            \/\/ overviewMapControlOptions: {\n            \/\/   position: google.maps.ControlPosition.TOP_LEFT\n            \/\/ },\n            scrollwheel: false,\n            disableDoubleClickZoom: true\n        }\n        var map = new google.maps.Map(document.getElementById(\"map-2354811973-inner\"), myOptions);\n        var styledMapType = new google.maps.StyledMapType(styles['flatsome'], {name: 'flatsome'});\n        map.mapTypes.set('flatsome', styledMapType);\n\n        var marker = new google.maps.Marker({\n            position: myLatlng,\n            map: map,\n            title:\"\"\n        });\n    }\n\n    \/\/ Required to proceed\n    if (!(typeof google === 'object' && typeof google.maps === 'object')) {\n      return\n    }\n\n    initialize()\n    google.maps.event.addDomListener(window, 'resize', initialize);\n    });\n    <\/script>\n\n    <div class=\"google-map relative mb\" id=\"map-2354811973\">\n        <div class=\"map-height\" id=\"map-2354811973-inner\"><\/div>\n        <div id=\"map_overlay_top\"><\/div>\n        <div id=\"map_overlay_bottom\"><\/div>\n         \n       \n<style>\n#map-2354811973 .map-inner {\n  background-color: #fff;\n  max-width: 100%;\n}\n#map-2354811973 .map-height {\n  height: 400px;\n}\n@media (min-width:550px) {\n  #map-2354811973 .map-inner {\n    max-width: 40%;\n  }\n}\n@media (min-width:850px) {\n  #map-2354811973 .map-inner {\n    max-width: 33%;\n  }\n}\n<\/style>\n    <\/div>\n\n\t\n\t\t<\/div>\n\t\t\t\t\n<style>\n#col-1238487883 > .col-inner {\n  margin: 0px 0px -30px 0px;\n}\n<\/style>\n\t<\/div>\n\n\t\n\n<style>\n#row-402332558 > .col > .col-inner {\n  padding: 0px 0px 0px 0px;\n}\n<\/style>\n<\/div>\n","protected":false},"excerpt":{"rendered":"","protected":false},"author":1,"featured_media":0,"parent":0,"menu_order":0,"comment_status":"closed","ping_status":"closed","template":"page-blank.php","meta":{"pgc_sgb_lightbox_settings":"","footnotes":""},"class_list":["post-421","page","type-page","status-publish","hentry"],"yoast_head":"<!-- This site is optimized with the Yoast SEO plugin v27.4 - https:\/\/yoast.com\/product\/yoast-seo-wordpress\/ -->\n<title>Kontakt - \u017dupnija \u0160martno v Tuhinju<\/title>\n<meta name=\"description\" content=\"Kontakt \u017dupnija \u0160martno v Tuhinju\" \/>\n<meta name=\"robots\" content=\"index, follow, max-snippet:-1, max-image-preview:large, max-video-preview:-1\" \/>\n<link rel=\"canonical\" href=\"https:\/\/zupnija-sm-se.si\/smartno\/kontakt\/\" \/>\n<meta property=\"og:locale\" content=\"sl_SI\" \/>\n<meta property=\"og:type\" content=\"article\" \/>\n<meta property=\"og:title\" content=\"Kontakt - \u017dupnija \u0160martno v Tuhinju\" \/>\n<meta property=\"og:description\" content=\"Kontakt \u017dupnija \u0160martno v Tuhinju\" \/>\n<meta property=\"og:url\" content=\"https:\/\/zupnija-sm-se.si\/smartno\/kontakt\/\" \/>\n<meta property=\"og:site_name\" content=\"\u017dupnija \u0160martno v Tuhinju\" \/>\n<meta property=\"article:publisher\" content=\"https:\/\/www.facebook.com\/profile.php?id=100093152272946\" \/>\n<meta property=\"article:modified_time\" content=\"2023-10-02T17:37:37+00:00\" \/>\n<meta property=\"og:image\" content=\"https:\/\/zupnija-sm-se.si\/smartno\/wp-content\/uploads\/sites\/2\/2023\/07\/cropped-favicon.png\" \/>\n\t<meta property=\"og:image:width\" content=\"512\" \/>\n\t<meta property=\"og:image:height\" content=\"512\" \/>\n\t<meta property=\"og:image:type\" content=\"image\/png\" \/>\n<meta name=\"twitter:card\" content=\"summary_large_image\" \/>\n<meta name=\"twitter:label1\" content=\"Est. reading time\" \/>\n\t<meta name=\"twitter:data1\" content=\"2 minuti\" \/>\n<script type=\"application\/ld+json\" class=\"yoast-schema-graph\">{\"@context\":\"https:\\\/\\\/schema.org\",\"@graph\":[{\"@type\":\"WebPage\",\"@id\":\"https:\\\/\\\/zupnija-sm-se.si\\\/smartno\\\/kontakt\\\/\",\"url\":\"https:\\\/\\\/zupnija-sm-se.si\\\/smartno\\\/kontakt\\\/\",\"name\":\"Kontakt - \u017dupnija \u0160martno v Tuhinju\",\"isPartOf\":{\"@id\":\"https:\\\/\\\/zupnija-sm-se.si\\\/smartno\\\/#website\"},\"datePublished\":\"2023-07-01T16:21:50+00:00\",\"dateModified\":\"2023-10-02T17:37:37+00:00\",\"description\":\"Kontakt \u017dupnija \u0160martno v Tuhinju\",\"breadcrumb\":{\"@id\":\"https:\\\/\\\/zupnija-sm-se.si\\\/smartno\\\/kontakt\\\/#breadcrumb\"},\"inLanguage\":\"sl-SI\",\"potentialAction\":[{\"@type\":\"ReadAction\",\"target\":[\"https:\\\/\\\/zupnija-sm-se.si\\\/smartno\\\/kontakt\\\/\"]}]},{\"@type\":\"BreadcrumbList\",\"@id\":\"https:\\\/\\\/zupnija-sm-se.si\\\/smartno\\\/kontakt\\\/#breadcrumb\",\"itemListElement\":[{\"@type\":\"ListItem\",\"position\":1,\"name\":\"Home\",\"item\":\"https:\\\/\\\/zupnija-sm-se.si\\\/smartno\\\/\"},{\"@type\":\"ListItem\",\"position\":2,\"name\":\"Kontakt\"}]},{\"@type\":\"WebSite\",\"@id\":\"https:\\\/\\\/zupnija-sm-se.si\\\/smartno\\\/#website\",\"url\":\"https:\\\/\\\/zupnija-sm-se.si\\\/smartno\\\/\",\"name\":\"\u017dupnija \u0160martno v Tuhinju\",\"description\":\"\u017dupnija \u0160martno v Tuhinju\",\"publisher\":{\"@id\":\"https:\\\/\\\/zupnija-sm-se.si\\\/smartno\\\/#organization\"},\"alternateName\":\"\u017dupnija \u0160martno v Tuhinju\",\"potentialAction\":[{\"@type\":\"SearchAction\",\"target\":{\"@type\":\"EntryPoint\",\"urlTemplate\":\"https:\\\/\\\/zupnija-sm-se.si\\\/smartno\\\/?s={search_term_string}\"},\"query-input\":{\"@type\":\"PropertyValueSpecification\",\"valueRequired\":true,\"valueName\":\"search_term_string\"}}],\"inLanguage\":\"sl-SI\"},{\"@type\":\"Organization\",\"@id\":\"https:\\\/\\\/zupnija-sm-se.si\\\/smartno\\\/#organization\",\"name\":\"\u017dupnija \u0160martno v Tuhinju\",\"alternateName\":\"\u017dupnija \u0160martno v Tuhinju\",\"url\":\"https:\\\/\\\/zupnija-sm-se.si\\\/smartno\\\/\",\"logo\":{\"@type\":\"ImageObject\",\"inLanguage\":\"sl-SI\",\"@id\":\"https:\\\/\\\/zupnija-sm-se.si\\\/smartno\\\/#\\\/schema\\\/logo\\\/image\\\/\",\"url\":\"https:\\\/\\\/zupnija-sm-se.si\\\/smartno\\\/wp-content\\\/uploads\\\/sites\\\/2\\\/2023\\\/07\\\/cropped-favicon.png\",\"contentUrl\":\"https:\\\/\\\/zupnija-sm-se.si\\\/smartno\\\/wp-content\\\/uploads\\\/sites\\\/2\\\/2023\\\/07\\\/cropped-favicon.png\",\"width\":512,\"height\":512,\"caption\":\"\u017dupnija \u0160martno v Tuhinju\"},\"image\":{\"@id\":\"https:\\\/\\\/zupnija-sm-se.si\\\/smartno\\\/#\\\/schema\\\/logo\\\/image\\\/\"},\"sameAs\":[\"https:\\\/\\\/www.facebook.com\\\/profile.php?id=100093152272946\"]}]}<\/script>\n<!-- \/ Yoast SEO plugin. -->","yoast_head_json":{"title":"Kontakt - \u017dupnija \u0160martno v Tuhinju","description":"Kontakt \u017dupnija \u0160martno v Tuhinju","robots":{"index":"index","follow":"follow","max-snippet":"max-snippet:-1","max-image-preview":"max-image-preview:large","max-video-preview":"max-video-preview:-1"},"canonical":"https:\/\/zupnija-sm-se.si\/smartno\/kontakt\/","og_locale":"sl_SI","og_type":"article","og_title":"Kontakt - \u017dupnija \u0160martno v Tuhinju","og_description":"Kontakt \u017dupnija \u0160martno v Tuhinju","og_url":"https:\/\/zupnija-sm-se.si\/smartno\/kontakt\/","og_site_name":"\u017dupnija \u0160martno v Tuhinju","article_publisher":"https:\/\/www.facebook.com\/profile.php?id=100093152272946","article_modified_time":"2023-10-02T17:37:37+00:00","og_image":[{"width":512,"height":512,"url":"https:\/\/zupnija-sm-se.si\/smartno\/wp-content\/uploads\/sites\/2\/2023\/07\/cropped-favicon.png","type":"image\/png"}],"twitter_card":"summary_large_image","twitter_misc":{"Est. reading time":"2 minuti"},"schema":{"@context":"https:\/\/schema.org","@graph":[{"@type":"WebPage","@id":"https:\/\/zupnija-sm-se.si\/smartno\/kontakt\/","url":"https:\/\/zupnija-sm-se.si\/smartno\/kontakt\/","name":"Kontakt - \u017dupnija \u0160martno v Tuhinju","isPartOf":{"@id":"https:\/\/zupnija-sm-se.si\/smartno\/#website"},"datePublished":"2023-07-01T16:21:50+00:00","dateModified":"2023-10-02T17:37:37+00:00","description":"Kontakt \u017dupnija \u0160martno v Tuhinju","breadcrumb":{"@id":"https:\/\/zupnija-sm-se.si\/smartno\/kontakt\/#breadcrumb"},"inLanguage":"sl-SI","potentialAction":[{"@type":"ReadAction","target":["https:\/\/zupnija-sm-se.si\/smartno\/kontakt\/"]}]},{"@type":"BreadcrumbList","@id":"https:\/\/zupnija-sm-se.si\/smartno\/kontakt\/#breadcrumb","itemListElement":[{"@type":"ListItem","position":1,"name":"Home","item":"https:\/\/zupnija-sm-se.si\/smartno\/"},{"@type":"ListItem","position":2,"name":"Kontakt"}]},{"@type":"WebSite","@id":"https:\/\/zupnija-sm-se.si\/smartno\/#website","url":"https:\/\/zupnija-sm-se.si\/smartno\/","name":"\u017dupnija \u0160martno v Tuhinju","description":"\u017dupnija \u0160martno v Tuhinju","publisher":{"@id":"https:\/\/zupnija-sm-se.si\/smartno\/#organization"},"alternateName":"\u017dupnija \u0160martno v Tuhinju","potentialAction":[{"@type":"SearchAction","target":{"@type":"EntryPoint","urlTemplate":"https:\/\/zupnija-sm-se.si\/smartno\/?s={search_term_string}"},"query-input":{"@type":"PropertyValueSpecification","valueRequired":true,"valueName":"search_term_string"}}],"inLanguage":"sl-SI"},{"@type":"Organization","@id":"https:\/\/zupnija-sm-se.si\/smartno\/#organization","name":"\u017dupnija \u0160martno v Tuhinju","alternateName":"\u017dupnija \u0160martno v Tuhinju","url":"https:\/\/zupnija-sm-se.si\/smartno\/","logo":{"@type":"ImageObject","inLanguage":"sl-SI","@id":"https:\/\/zupnija-sm-se.si\/smartno\/#\/schema\/logo\/image\/","url":"https:\/\/zupnija-sm-se.si\/smartno\/wp-content\/uploads\/sites\/2\/2023\/07\/cropped-favicon.png","contentUrl":"https:\/\/zupnija-sm-se.si\/smartno\/wp-content\/uploads\/sites\/2\/2023\/07\/cropped-favicon.png","width":512,"height":512,"caption":"\u017dupnija \u0160martno v Tuhinju"},"image":{"@id":"https:\/\/zupnija-sm-se.si\/smartno\/#\/schema\/logo\/image\/"},"sameAs":["https:\/\/www.facebook.com\/profile.php?id=100093152272946"]}]}},"_links":{"self":[{"href":"https:\/\/zupnija-sm-se.si\/smartno\/wp-json\/wp\/v2\/pages\/421","targetHints":{"allow":["GET"]}}],"collection":[{"href":"https:\/\/zupnija-sm-se.si\/smartno\/wp-json\/wp\/v2\/pages"}],"about":[{"href":"https:\/\/zupnija-sm-se.si\/smartno\/wp-json\/wp\/v2\/types\/page"}],"author":[{"embeddable":true,"href":"https:\/\/zupnija-sm-se.si\/smartno\/wp-json\/wp\/v2\/users\/1"}],"replies":[{"embeddable":true,"href":"https:\/\/zupnija-sm-se.si\/smartno\/wp-json\/wp\/v2\/comments?post=421"}],"version-history":[{"count":0,"href":"https:\/\/zupnija-sm-se.si\/smartno\/wp-json\/wp\/v2\/pages\/421\/revisions"}],"wp:attachment":[{"href":"https:\/\/zupnija-sm-se.si\/smartno\/wp-json\/wp\/v2\/media?parent=421"}],"curies":[{"name":"wp","href":"https:\/\/api.w.org\/{rel}","templated":true}]}}