{"id":1682,"date":"2023-11-09T17:44:37","date_gmt":"2023-11-09T15:44:37","guid":{"rendered":"https:\/\/zupnija-sm-se.si\/smartno\/?page_id=1682"},"modified":"2024-01-13T14:52:36","modified_gmt":"2024-01-13T12:52:36","slug":"samodejni-osnutek","status":"publish","type":"page","link":"https:\/\/zupnija-sm-se.si\/smartno\/samodejni-osnutek\/","title":{"rendered":"Zakramenti"},"content":{"rendered":"\t<section class=\"section\" id=\"section_2128454477\">\n\t\t<div class=\"bg section-bg fill bg-fill  bg-loaded\" >\n\n\t\t\t\n\t\t\t\n\t\t\t\n\n\t\t<\/div>\n\n\t\t\n\n\t\t<div class=\"section-content relative\">\n\t\t\t\n<h2 class=\"uppercase\" style=\"text-align: center;\">ZAKRAMENTI<\/h2>\n<div class=\"text-center\"><div class=\"is-divider divider clearfix\" style=\"max-width:100px;background-color:rgb(49, 112, 142);\"><\/div><\/div>\n<div class=\"row\"  id=\"row-579253047\">\n\n\t<div id=\"col-1850709631\" class=\"col small-12 large-12\"  >\n\t\t\t\t<div class=\"col-inner\"  >\n\t\t\t\n\t\t\t\n<div class=\"accordion\" rel=\"1\">\n<div class=\"accordion-item\"><a href=\"#\" class=\"accordion-title plain\"><button class=\"toggle\"><i class=\"icon-angle-down\"><\/i><\/button><span>Kr\u0161\u010devanje<\/span><\/a><div class=\"accordion-inner\">\n<div class=\"row\"  id=\"row-1553772961\">\n\n\t<div id=\"col-1415661127\" class=\"col medium-6 small-12 large-6\"  >\n\t\t\t\t<div class=\"col-inner\"  >\n\t\t\t\n\t\t\t\n\t<div id=\"text-3843989440\" class=\"text\">\n\t\t\n<h5 class=\"uppercase\" style=\"text-align: center;\">PrIJAVA KRSTA<\/h5>\n<p>Za obe \u017eupniji vsaj en mesec pred \u017eelenim datumom krsta.<\/p>\n\t\t\n<style>\n#text-3843989440 {\n  text-align: center;\n}\n<\/style>\n\t<\/div>\n\t\n\t\t<\/div>\n\t\t\t\t\t<\/div>\n\n\t\n\n\t<div id=\"col-1490914874\" class=\"col medium-6 small-12 large-6\"  >\n\t\t\t\t<div class=\"col-inner\"  >\n\t\t\t\n\t\t\t\n\t<div id=\"text-3626707706\" class=\"text\">\n\t\t\n<h5 class=\"uppercase\" style=\"text-align: center;\">Priprava na krst<\/h5>\n<p>Za obe \u017eupniji zadnji torek v mesecu po ve\u010derni sveti ma\u0161i na Selih pri Kamniku.<\/p>\n\t\t\n<style>\n#text-3626707706 {\n  text-align: center;\n}\n<\/style>\n\t<\/div>\n\t\n\t\t<\/div>\n\t\t\t\t\t<\/div>\n\n\t\n\n\t<div id=\"col-144673991\" class=\"col medium-6 small-12 large-6\"  >\n\t\t\t\t<div class=\"col-inner\"  >\n\t\t\t\n\t\t\t\n\t<div id=\"text-3787786141\" class=\"text\">\n\t\t\n<h5 class=\"uppercase\">Kr\u0161\u010devanje med sveto ma\u0161o<\/h5>\n<p>\u0160martno v Tuhinju: prvo nedeljo v mesecu.<br \/>Sela pri Kamniku: drugo nedeljo v mesecu.<\/p>\n\t\t\n<style>\n#text-3787786141 {\n  text-align: center;\n}\n<\/style>\n\t<\/div>\n\t\n\t\t<\/div>\n\t\t\t\t\t<\/div>\n\n\t\n\n\t<div id=\"col-1433293737\" class=\"col medium-6 small-12 large-6\"  >\n\t\t\t\t<div class=\"col-inner\"  >\n\t\t\t\n\t\t\t\n\t<div id=\"text-1703948992\" class=\"text\">\n\t\t\n<h5 class=\"uppercase\">Kr\u0161\u010devanje po sveti ma\u0161i<\/h5>\n<p>\u0160martno v Tuhinju: tretjo nedeljo v mesecu po 10. sveti ma\u0161i. <br \/>Sela pri Kamniku: zadnjo nedeljo v mesecu po 10. sveti ma\u0161i.<\/p>\n\t\t\n<style>\n#text-1703948992 {\n  text-align: center;\n}\n<\/style>\n\t<\/div>\n\t\n\t\t<\/div>\n\t\t\t\t\t<\/div>\n\n\t\n<\/div>\n<\/div><\/div>\n<div class=\"accordion-item\"><a href=\"#\" class=\"accordion-title plain\"><button class=\"toggle\"><i class=\"icon-angle-down\"><\/i><\/button><span>Spovedovanje<\/span><\/a><div class=\"accordion-inner\">\n\t<div id=\"text-3350679530\" class=\"text\">\n\t\t\n<h5>SPOVEDOVANJE<\/h5>\n<p>\u0160martno v Tuhinju: \u010detrtek in sobota pol ure pred sv. ma\u0161o.<br \/>Sela pri Kamniku: sreda in petek pol ure pred sv. ma\u0161o.<\/p>\n\t\t\n<style>\n#text-3350679530 {\n  text-align: center;\n}\n<\/style>\n\t<\/div>\n\t\n<\/div><\/div>\n<div class=\"accordion-item\"><a href=\"#\" class=\"accordion-title plain\"><button class=\"toggle\"><i class=\"icon-angle-down\"><\/i><\/button><span>Bolni\u0161ko maziljenje<\/span><\/a><div class=\"accordion-inner\">\n\t<div id=\"text-2631609646\" class=\"text\">\n\t\t\n<h5>BOLNI\u0160KO MAZILJENJE<\/h5>\n<p>Pokli\u010dite na \u0161tevilko: 051\/324-841.<\/p>\n\t\t\n<style>\n#text-2631609646 {\n  text-align: center;\n}\n<\/style>\n\t<\/div>\n\t\n<\/div><\/div>\n<div class=\"accordion-item\"><a href=\"#\" class=\"accordion-title plain\"><button class=\"toggle\"><i class=\"icon-angle-down\"><\/i><\/button><span>Sveti zakon<\/span><\/a><div class=\"accordion-inner\">\n<div class=\"row\"  id=\"row-1975670496\">\n\n\t<div id=\"col-555893686\" class=\"col medium-12 small-12 large-7\"  >\n\t\t\t\t<div class=\"col-inner text-center\"  >\n\t\t\t\n\t\t\t\n\t<div id=\"gap-1126871469\" class=\"gap-element clearfix\" style=\"display:block; height:auto;\">\n\t\t\n<style>\n#gap-1126871469 {\n  padding-top: 30px;\n}\n<\/style>\n\t<\/div>\n\t\n\t<div id=\"text-3915764693\" class=\"text\">\n\t\t\n<h5 class=\"uppercase\">Prijava poroke<\/h5>\n<p>Vsaj dva meseca pred \u017eelenim datumom poroke.<\/p>\n\t\t\n<style>\n#text-3915764693 {\n  text-align: center;\n}\n<\/style>\n\t<\/div>\n\t\n\t<div id=\"gap-945713104\" class=\"gap-element clearfix\" style=\"display:block; height:auto;\">\n\t\t\n<style>\n#gap-945713104 {\n  padding-top: 30px;\n}\n<\/style>\n\t<\/div>\n\t\n\t<div id=\"text-3435049992\" class=\"text\">\n\t\t\n<h5 class=\"uppercase\">Te\u010daj za zaro\u010dence<\/h5>\n<p>Pred prijavo poroke bodo\u010da novoporo\u010denca opravita te\u010daj za zaro\u010dence. Termine in kraje te\u010daja najdete na spletni strani.<\/p>\n\t\t\n<style>\n#text-3435049992 {\n  text-align: center;\n}\n<\/style>\n\t<\/div>\n\t\n\t<div id=\"gap-95690820\" class=\"gap-element clearfix\" style=\"display:block; height:auto;\">\n\t\t\n<style>\n#gap-95690820 {\n  padding-top: 30px;\n}\n<\/style>\n\t<\/div>\n\t\n\t<div id=\"text-311465805\" class=\"text\">\n\t\t\n<h5 class=\"uppercase\">Poro\u010dni obred<\/h5>\n<p>V na\u0161ih dveh \u017eupnijah poro\u010dni obredi potekajo v \u017eupnijski cerkvi, torej v cerkvi sv. Ne\u017ee na Selah ali pri sv. Martinu v \u0160martnem v Tuhinju.<\/p>\n\t\t\n<style>\n#text-311465805 {\n  text-align: center;\n}\n<\/style>\n\t<\/div>\n\t\n\t\t<\/div>\n\t\t\t\t\t<\/div>\n\n\t\n\n\t<div id=\"col-895967467\" class=\"col medium-12 small-12 large-5\"  >\n\t\t\t\t<div class=\"col-inner\"  >\n\t\t\t\n\t\t\t\n\t<div id=\"gap-1048745905\" class=\"gap-element clearfix\" style=\"display:block; height:auto;\">\n\t\t\n<style>\n#gap-1048745905 {\n  padding-top: 30px;\n}\n<\/style>\n\t<\/div>\n\t\n\t<div id=\"text-1025021733\" class=\"text\">\n\t\t\n<h5 class=\"uppercase\">Poro\u010dni zapisnik<\/h5>\n<p>Ob prijavi na poroko se opravi poro\u010dni zapisnik, ki ga opravi eden od \u017eupnikov novoporo\u010dencev. Za omenjeni zapisnik potrebujete potrdilo o opravljenem te\u010daju za zaro\u010dence ter krstno-samski list.<\/p>\n<p>Tisti, ki niste kr\u0161\u010deni v eni od na\u0161ih dveh \u017eupnijah, krstno-samski list dobite v \u017eupniji, kjer ste bili kr\u0161\u010deni. Poroke so lahko s sveto ma\u0161o ali brez.<\/p>\n\t\t\n<style>\n#text-1025021733 {\n  text-align: center;\n}\n<\/style>\n\t<\/div>\n\t\n\t\t<\/div>\n\t\t\t\t\t<\/div>\n\n\t\n<\/div>\n<\/div><\/div>\n<div class=\"accordion-item\"><a href=\"#\" class=\"accordion-title plain\"><button class=\"toggle\"><i class=\"icon-angle-down\"><\/i><\/button><span>Pogrebi<\/span><\/a><div class=\"accordion-inner\">\n<div class=\"row\"  id=\"row-763115497\">\n\n\t<div id=\"col-268732190\" class=\"col small-12 large-12\"  >\n\t\t\t\t<div class=\"col-inner\"  >\n\t\t\t\n\t\t\t\n\t<div id=\"text-2238459075\" class=\"text\">\n\t\t\n<h5 class=\"uppercase\">POGREBNI OBREDI<\/h5>\n<p class=\"thin-font\">Pogrebni obredi so lahko od ponedeljka do sobote. Ob nedeljah pogrebov ni.<br \/>Opomba: zaradi verouka, ki ga duhovnik imam ob ponedeljkih, torkih in sredah, termine pogrebov v omenjenih dnevih prilagajamo z urnikom verou\u010dnih ur. Hvala za razumevanje.<\/p>\n\t\t\n<style>\n#text-2238459075 {\n  text-align: center;\n}\n<\/style>\n\t<\/div>\n\t\n\t\t<\/div>\n\t\t\t\t\t<\/div>\n\n\t\n<\/div>\n<div class=\"row\"  id=\"row-810562141\">\n\n\t<div id=\"col-1712394059\" class=\"col medium-6 small-12 large-6\"  >\n\t\t\t\t<div class=\"col-inner\"  >\n\t\t\t\n\t\t\t\n\t<div id=\"text-2379756307\" class=\"text\">\n\t\t\n<h5 class=\"uppercase\">Darovi za ma\u0161o ali v dobrodelne namene<\/h5>\n<p>Ob prijavi pogreba svojci dobite obrazec v katerega nekdo od svojcev v poslovilni ve\u017eici na dan pogreba vpisuje in sprejema ma\u0161ne namene ali darove v dobrodelne namene.<\/p>\n\t\t\n<style>\n#text-2379756307 {\n  text-align: center;\n}\n<\/style>\n\t<\/div>\n\t\n\t\t<\/div>\n\t\t\t\t\t<\/div>\n\n\t\n\n\t<div id=\"col-2127727969\" class=\"col medium-6 small-12 large-6\"  >\n\t\t\t\t<div class=\"col-inner\"  >\n\t\t\t\n\t\t\t\n\t<div id=\"text-2063516775\" class=\"text\">\n\t\t\n<h5 class=\"uppercase\">Nav\u010dek<\/h5>\n<p>Ob prijavi pogreba se z \u017eupnijskega zvonika oglasi nav\u010dek &#8211; najmanj\u0161i zvon. V primeru, da umre mo\u0161ki se nav\u010dek oglasi trikrat, v primeru, da umre \u017eenska dvakrat, \u010de gre za mladoletno osebo se nav\u010dek oglasi enkrat.<\/p>\n\t\t\n<style>\n#text-2063516775 {\n  text-align: center;\n}\n<\/style>\n\t<\/div>\n\t\n\t\t<\/div>\n\t\t\t\t\t<\/div>\n\n\t\n<\/div>\n<\/div><\/div>\n<\/div>\n\t\t<\/div>\n\t\t\t\t\t<\/div>\n\n\t\n<\/div>\n\t\t<\/div>\n\n\t\t\n<style>\n#section_2128454477 {\n  padding-top: 34px;\n  padding-bottom: 34px;\n}\n#section_2128454477 .ux-shape-divider--top svg {\n  height: 150px;\n  --divider-top-width: 100%;\n}\n#section_2128454477 .ux-shape-divider--bottom svg {\n  height: 150px;\n  --divider-width: 100%;\n}\n<\/style>\n\t<\/section>\n\t\n","protected":false},"excerpt":{"rendered":"","protected":false},"author":1,"featured_media":0,"parent":0,"menu_order":0,"comment_status":"closed","ping_status":"closed","template":"page-blank.php","meta":{"pgc_sgb_lightbox_settings":"","footnotes":""},"class_list":["post-1682","page","type-page","status-publish","hentry"],"yoast_head":"<!-- This site is optimized with the Yoast SEO plugin v27.4 - https:\/\/yoast.com\/product\/yoast-seo-wordpress\/ -->\n<title>Zakramenti - \u017dupnija \u0160martno v Tuhinju<\/title>\n<meta name=\"description\" content=\"Zakramenti \u017dupnija \u0160martno v Tuhinju\" \/>\n<meta name=\"robots\" content=\"index, follow, max-snippet:-1, max-image-preview:large, max-video-preview:-1\" \/>\n<link rel=\"canonical\" href=\"https:\/\/zupnija-sm-se.si\/smartno\/samodejni-osnutek\/\" \/>\n<meta property=\"og:locale\" content=\"sl_SI\" \/>\n<meta property=\"og:type\" content=\"article\" \/>\n<meta property=\"og:title\" content=\"Zakramenti - \u017dupnija \u0160martno v Tuhinju\" \/>\n<meta property=\"og:description\" content=\"Zakramenti \u017dupnija \u0160martno v Tuhinju\" \/>\n<meta property=\"og:url\" content=\"https:\/\/zupnija-sm-se.si\/smartno\/samodejni-osnutek\/\" \/>\n<meta property=\"og:site_name\" content=\"\u017dupnija \u0160martno v Tuhinju\" \/>\n<meta property=\"article:publisher\" content=\"https:\/\/www.facebook.com\/profile.php?id=100093152272946\" \/>\n<meta property=\"article:modified_time\" content=\"2024-01-13T12:52:36+00:00\" \/>\n<meta property=\"og:image\" content=\"https:\/\/zupnija-sm-se.si\/smartno\/wp-content\/uploads\/sites\/2\/2023\/07\/cropped-favicon.png\" \/>\n\t<meta property=\"og:image:width\" content=\"512\" \/>\n\t<meta property=\"og:image:height\" content=\"512\" \/>\n\t<meta property=\"og:image:type\" content=\"image\/png\" \/>\n<meta name=\"twitter:card\" content=\"summary_large_image\" \/>\n<meta name=\"twitter:label1\" content=\"Est. reading time\" \/>\n\t<meta name=\"twitter:data1\" content=\"1 minuta\" \/>\n<script type=\"application\/ld+json\" class=\"yoast-schema-graph\">{\"@context\":\"https:\\\/\\\/schema.org\",\"@graph\":[{\"@type\":\"WebPage\",\"@id\":\"https:\\\/\\\/zupnija-sm-se.si\\\/smartno\\\/samodejni-osnutek\\\/\",\"url\":\"https:\\\/\\\/zupnija-sm-se.si\\\/smartno\\\/samodejni-osnutek\\\/\",\"name\":\"Zakramenti - \u017dupnija \u0160martno v Tuhinju\",\"isPartOf\":{\"@id\":\"https:\\\/\\\/zupnija-sm-se.si\\\/smartno\\\/#website\"},\"datePublished\":\"2023-11-09T15:44:37+00:00\",\"dateModified\":\"2024-01-13T12:52:36+00:00\",\"description\":\"Zakramenti \u017dupnija \u0160martno v Tuhinju\",\"breadcrumb\":{\"@id\":\"https:\\\/\\\/zupnija-sm-se.si\\\/smartno\\\/samodejni-osnutek\\\/#breadcrumb\"},\"inLanguage\":\"sl-SI\",\"potentialAction\":[{\"@type\":\"ReadAction\",\"target\":[\"https:\\\/\\\/zupnija-sm-se.si\\\/smartno\\\/samodejni-osnutek\\\/\"]}]},{\"@type\":\"BreadcrumbList\",\"@id\":\"https:\\\/\\\/zupnija-sm-se.si\\\/smartno\\\/samodejni-osnutek\\\/#breadcrumb\",\"itemListElement\":[{\"@type\":\"ListItem\",\"position\":1,\"name\":\"Home\",\"item\":\"https:\\\/\\\/zupnija-sm-se.si\\\/smartno\\\/\"},{\"@type\":\"ListItem\",\"position\":2,\"name\":\"Zakramenti\"}]},{\"@type\":\"WebSite\",\"@id\":\"https:\\\/\\\/zupnija-sm-se.si\\\/smartno\\\/#website\",\"url\":\"https:\\\/\\\/zupnija-sm-se.si\\\/smartno\\\/\",\"name\":\"\u017dupnija \u0160martno v Tuhinju\",\"description\":\"\u017dupnija \u0160martno v Tuhinju\",\"publisher\":{\"@id\":\"https:\\\/\\\/zupnija-sm-se.si\\\/smartno\\\/#organization\"},\"alternateName\":\"\u017dupnija \u0160martno v Tuhinju\",\"potentialAction\":[{\"@type\":\"SearchAction\",\"target\":{\"@type\":\"EntryPoint\",\"urlTemplate\":\"https:\\\/\\\/zupnija-sm-se.si\\\/smartno\\\/?s={search_term_string}\"},\"query-input\":{\"@type\":\"PropertyValueSpecification\",\"valueRequired\":true,\"valueName\":\"search_term_string\"}}],\"inLanguage\":\"sl-SI\"},{\"@type\":\"Organization\",\"@id\":\"https:\\\/\\\/zupnija-sm-se.si\\\/smartno\\\/#organization\",\"name\":\"\u017dupnija \u0160martno v Tuhinju\",\"alternateName\":\"\u017dupnija \u0160martno v Tuhinju\",\"url\":\"https:\\\/\\\/zupnija-sm-se.si\\\/smartno\\\/\",\"logo\":{\"@type\":\"ImageObject\",\"inLanguage\":\"sl-SI\",\"@id\":\"https:\\\/\\\/zupnija-sm-se.si\\\/smartno\\\/#\\\/schema\\\/logo\\\/image\\\/\",\"url\":\"https:\\\/\\\/zupnija-sm-se.si\\\/smartno\\\/wp-content\\\/uploads\\\/sites\\\/2\\\/2023\\\/07\\\/cropped-favicon.png\",\"contentUrl\":\"https:\\\/\\\/zupnija-sm-se.si\\\/smartno\\\/wp-content\\\/uploads\\\/sites\\\/2\\\/2023\\\/07\\\/cropped-favicon.png\",\"width\":512,\"height\":512,\"caption\":\"\u017dupnija \u0160martno v Tuhinju\"},\"image\":{\"@id\":\"https:\\\/\\\/zupnija-sm-se.si\\\/smartno\\\/#\\\/schema\\\/logo\\\/image\\\/\"},\"sameAs\":[\"https:\\\/\\\/www.facebook.com\\\/profile.php?id=100093152272946\"]}]}<\/script>\n<!-- \/ Yoast SEO plugin. -->","yoast_head_json":{"title":"Zakramenti - \u017dupnija \u0160martno v Tuhinju","description":"Zakramenti \u017dupnija \u0160martno v Tuhinju","robots":{"index":"index","follow":"follow","max-snippet":"max-snippet:-1","max-image-preview":"max-image-preview:large","max-video-preview":"max-video-preview:-1"},"canonical":"https:\/\/zupnija-sm-se.si\/smartno\/samodejni-osnutek\/","og_locale":"sl_SI","og_type":"article","og_title":"Zakramenti - \u017dupnija \u0160martno v Tuhinju","og_description":"Zakramenti \u017dupnija \u0160martno v Tuhinju","og_url":"https:\/\/zupnija-sm-se.si\/smartno\/samodejni-osnutek\/","og_site_name":"\u017dupnija \u0160martno v Tuhinju","article_publisher":"https:\/\/www.facebook.com\/profile.php?id=100093152272946","article_modified_time":"2024-01-13T12:52:36+00:00","og_image":[{"width":512,"height":512,"url":"https:\/\/zupnija-sm-se.si\/smartno\/wp-content\/uploads\/sites\/2\/2023\/07\/cropped-favicon.png","type":"image\/png"}],"twitter_card":"summary_large_image","twitter_misc":{"Est. reading time":"1 minuta"},"schema":{"@context":"https:\/\/schema.org","@graph":[{"@type":"WebPage","@id":"https:\/\/zupnija-sm-se.si\/smartno\/samodejni-osnutek\/","url":"https:\/\/zupnija-sm-se.si\/smartno\/samodejni-osnutek\/","name":"Zakramenti - \u017dupnija \u0160martno v Tuhinju","isPartOf":{"@id":"https:\/\/zupnija-sm-se.si\/smartno\/#website"},"datePublished":"2023-11-09T15:44:37+00:00","dateModified":"2024-01-13T12:52:36+00:00","description":"Zakramenti \u017dupnija \u0160martno v Tuhinju","breadcrumb":{"@id":"https:\/\/zupnija-sm-se.si\/smartno\/samodejni-osnutek\/#breadcrumb"},"inLanguage":"sl-SI","potentialAction":[{"@type":"ReadAction","target":["https:\/\/zupnija-sm-se.si\/smartno\/samodejni-osnutek\/"]}]},{"@type":"BreadcrumbList","@id":"https:\/\/zupnija-sm-se.si\/smartno\/samodejni-osnutek\/#breadcrumb","itemListElement":[{"@type":"ListItem","position":1,"name":"Home","item":"https:\/\/zupnija-sm-se.si\/smartno\/"},{"@type":"ListItem","position":2,"name":"Zakramenti"}]},{"@type":"WebSite","@id":"https:\/\/zupnija-sm-se.si\/smartno\/#website","url":"https:\/\/zupnija-sm-se.si\/smartno\/","name":"\u017dupnija \u0160martno v Tuhinju","description":"\u017dupnija \u0160martno v Tuhinju","publisher":{"@id":"https:\/\/zupnija-sm-se.si\/smartno\/#organization"},"alternateName":"\u017dupnija \u0160martno v Tuhinju","potentialAction":[{"@type":"SearchAction","target":{"@type":"EntryPoint","urlTemplate":"https:\/\/zupnija-sm-se.si\/smartno\/?s={search_term_string}"},"query-input":{"@type":"PropertyValueSpecification","valueRequired":true,"valueName":"search_term_string"}}],"inLanguage":"sl-SI"},{"@type":"Organization","@id":"https:\/\/zupnija-sm-se.si\/smartno\/#organization","name":"\u017dupnija \u0160martno v Tuhinju","alternateName":"\u017dupnija \u0160martno v Tuhinju","url":"https:\/\/zupnija-sm-se.si\/smartno\/","logo":{"@type":"ImageObject","inLanguage":"sl-SI","@id":"https:\/\/zupnija-sm-se.si\/smartno\/#\/schema\/logo\/image\/","url":"https:\/\/zupnija-sm-se.si\/smartno\/wp-content\/uploads\/sites\/2\/2023\/07\/cropped-favicon.png","contentUrl":"https:\/\/zupnija-sm-se.si\/smartno\/wp-content\/uploads\/sites\/2\/2023\/07\/cropped-favicon.png","width":512,"height":512,"caption":"\u017dupnija \u0160martno v Tuhinju"},"image":{"@id":"https:\/\/zupnija-sm-se.si\/smartno\/#\/schema\/logo\/image\/"},"sameAs":["https:\/\/www.facebook.com\/profile.php?id=100093152272946"]}]}},"_links":{"self":[{"href":"https:\/\/zupnija-sm-se.si\/smartno\/wp-json\/wp\/v2\/pages\/1682","targetHints":{"allow":["GET"]}}],"collection":[{"href":"https:\/\/zupnija-sm-se.si\/smartno\/wp-json\/wp\/v2\/pages"}],"about":[{"href":"https:\/\/zupnija-sm-se.si\/smartno\/wp-json\/wp\/v2\/types\/page"}],"author":[{"embeddable":true,"href":"https:\/\/zupnija-sm-se.si\/smartno\/wp-json\/wp\/v2\/users\/1"}],"replies":[{"embeddable":true,"href":"https:\/\/zupnija-sm-se.si\/smartno\/wp-json\/wp\/v2\/comments?post=1682"}],"version-history":[{"count":0,"href":"https:\/\/zupnija-sm-se.si\/smartno\/wp-json\/wp\/v2\/pages\/1682\/revisions"}],"wp:attachment":[{"href":"https:\/\/zupnija-sm-se.si\/smartno\/wp-json\/wp\/v2\/media?parent=1682"}],"curies":[{"name":"wp","href":"https:\/\/api.w.org\/{rel}","templated":true}]}}